{"id":1248,"date":"2024-11-13T18:26:40","date_gmt":"2024-11-13T18:26:40","guid":{"rendered":"https:\/\/iptvschweiz.net\/?post_type=product&#038;p=1248"},"modified":"2026-02-24T14:45:57","modified_gmt":"2026-02-24T14:45:57","slug":"iptv-schweiz-3-monate-fur-3-gerate-mehr-spas-fur-alle","status":"publish","type":"product","link":"https:\/\/iptvschweiz.net\/schweiz\/product\/iptv-schweiz-3-monate-fur-3-gerate-mehr-spas-fur-alle\/","title":{"rendered":"IPTV Schweiz 3 Monate f\u00fcr 3 Ger\u00e4te | Mehr Spa\u00df f\u00fcr alle"},"content":{"rendered":"<p>Erleben Sie Premium IPTV mit unserem flexiblen Abonnement, das auf Ihre Bed\u00fcrfnisse zugeschnitten ist. Genie\u00dfen Sie \u00fcber <strong>60&#8217;000 Live-TV-Kan\u00e4le<\/strong> und <strong>90&#8217;000+ VOD-Inhalte<\/strong> in gestochen scharfer <strong>4K-Qualit\u00e4t<\/strong>. Unsere Pakete bieten <strong>Anti-Freezing-Technologie<\/strong>, <strong>99,9% Uptime<\/strong> und <strong>24\/7 Kundensupport<\/strong>. Streamen Sie Ihre Lieblingsinhalte auf bis zu <strong>vier Ger\u00e4ten gleichzeitig<\/strong>, egal wo Sie sich befinden.<\/p>\n","protected":false},"excerpt":{"rendered":"<p><em>3 Monate IPTV auf 3 Ger\u00e4ten. Mehr Unterhaltung f\u00fcr die ganze Familie mit riesiger Senderauswahl und VODs.<\/em><\/p>\n","protected":false},"featured_media":1233,"comment_status":"open","ping_status":"closed","template":"","meta":{"_joinchat":[]},"product_brand":[],"product_cat":[33],"product_tag":[],"class_list":{"0":"post-1248","1":"product","2":"type-product","3":"status-publish","4":"has-post-thumbnail","6":"product_cat-iptv-schweiz","8":"first","9":"instock","10":"virtual","11":"purchasable","12":"product-type-simple"},"_links":{"self":[{"href":"https:\/\/iptvschweiz.net\/schweiz\/wp-json\/wp\/v2\/product\/1248","targetHints":{"allow":["GET"]}}],"collection":[{"href":"https:\/\/iptvschweiz.net\/schweiz\/wp-json\/wp\/v2\/product"}],"about":[{"href":"https:\/\/iptvschweiz.net\/schweiz\/wp-json\/wp\/v2\/types\/product"}],"replies":[{"embeddable":true,"href":"https:\/\/iptvschweiz.net\/schweiz\/wp-json\/wp\/v2\/comments?post=1248"}],"wp:featuredmedia":[{"embeddable":true,"href":"https:\/\/iptvschweiz.net\/schweiz\/wp-json\/wp\/v2\/media\/1233"}],"wp:attachment":[{"href":"https:\/\/iptvschweiz.net\/schweiz\/wp-json\/wp\/v2\/media?parent=1248"}],"wp:term":[{"taxonomy":"product_brand","embeddable":true,"href":"https:\/\/iptvschweiz.net\/schweiz\/wp-json\/wp\/v2\/product_brand?post=1248"},{"taxonomy":"product_cat","embeddable":true,"href":"https:\/\/iptvschweiz.net\/schweiz\/wp-json\/wp\/v2\/product_cat?post=1248"},{"taxonomy":"product_tag","embeddable":true,"href":"https:\/\/iptvschweiz.net\/schweiz\/wp-json\/wp\/v2\/product_tag?post=1248"}],"curies":[{"name":"wp","href":"https:\/\/api.w.org\/{rel}","templated":true}]}}